{"id":50,"date":"2011-07-01T00:49:07","date_gmt":"2011-07-01T03:49:07","guid":{"rendered":"https:\/\/pedrotornaghi.com.br\/?page_id=50"},"modified":"2025-09-26T13:02:31","modified_gmt":"2025-09-26T16:02:31","slug":"home","status":"publish","type":"page","link":"https:\/\/pedrotornaghi.com.br\/","title":{"rendered":"Apresenta\u00e7\u00e3o"},"content":{"rendered":"\t\t<div data-elementor-type=\"wp-page\" data-elementor-id=\"50\" class=\"elementor elementor-50\" data-elementor-post-type=\"page\">\n\t\t\t\t\t\t<section class=\"elementor-section elementor-top-section elementor-element elementor-element-6e72a967 elementor-section-boxed elementor-section-height-default elementor-section-height-default\" data-id=\"6e72a967\" data-element_type=\"section\">\n\t\t\t\t\t\t<div class=\"elementor-container elementor-column-gap-default\">\n\t\t\t\t\t<div class=\"elementor-column elementor-col-100 elementor-top-column elementor-element elementor-element-23d33054\" data-id=\"23d33054\" data-element_type=\"column\">\n\t\t\t<div class=\"elementor-widget-wrap elementor-element-populated\">\n\t\t\t\t\t\t<div class=\"elementor-element elementor-element-57bc57bf elementor-widget elementor-widget-text-editor\" data-id=\"57bc57bf\" data-element_type=\"widget\" data-widget_type=\"text-editor.default\">\n\t\t\t\t<div class=\"elementor-widget-container\">\n\t\t\t\t\t\t\t\t\t<p><span style=\"font-size: 14pt;\">Este blog se prop\u00f5e a compartilhar as pesquisas e obra de Pedro Tornaghi, desenvolvidas por d\u00e9cadas com seus alunos, tornando em parte esse acervo dispon\u00edvel a pessoas que busquem uma vis\u00e3o profunda e significativa para suas vidas.<\/span><\/p><p><span style=\"font-size: 14pt;\">Desde cedo Pedro viveu experi\u00eancias que o levaram a entender a medita\u00e7\u00e3o como uma aliada essencial e reveladora em sua caminhada de vida. Essa aprendizagem o acompanhou em diferentes fases da inf\u00e2ncia, adolesc\u00eancia e vida adulta at\u00e9 transformar-se em proposta de vida. O mesmo aconteceu com os estudos sobre respira\u00e7\u00e3o e chakras que desenvolveu e que hoje se unem \u00e0 medita\u00e7\u00e3o para formar a base de seu trabalho.<\/span><\/p><p><span style=\"font-size: 14pt;\">Voc\u00ea pode explorar diferentes frutos dessas viv\u00eancias nos artigos e demais posts do site e, se desejar, em seus cursos. Seja bem vindo!\u00a0<\/span><\/p><p>[post-carousel id=&#8221;3859&#8243;]<\/p><p><span style=\"font-size: 14pt; color: #ffffff;\">.<\/span><\/p><h2 style=\"text-align: center;\"><span style=\"font-size: 24pt; color: #000080;\">Inscreva-se no nosso Canal do Youtube para saber dos novos v\u00eddeos do Pedro <\/span><\/h2><h2 style=\"text-align: right;\"><span style=\"font-size: 24pt; color: #ffffff;\">.<\/span><\/h2><p style=\"text-align: right;\"><span style=\"color: #ffffff;\">&#8230;<\/span><\/p><p><iframe src=\"\/\/www.youtube.com\/embed\/QloCllIUt08\" width=\"560\" height=\"314\" allowfullscreen=\"allowfullscreen\"><\/iframe><\/p><p style=\"text-align: right;\"><span style=\"color: #ffffff;\">.<\/span><\/p><p><iframe src=\"\/\/www.youtube.com\/embed\/HyFnhRRs8_k\" width=\"560\" height=\"314\" allowfullscreen=\"allowfullscreen\"><\/iframe><\/p><p style=\"text-align: right;\"><span style=\"color: #ffffff;\">.<\/span><\/p><p><iframe src=\"\/\/www.youtube.com\/embed\/mmI7Tbr1JI4\" width=\"560\" height=\"314\" allowfullscreen=\"allowfullscreen\"><\/iframe><\/p><p><span style=\"color: #ffffff;\">.<\/span><\/p><p>\u00a0<\/p><p style=\"text-align: right;\"><span style=\"color: #ffffff;\">.<\/span><\/p><p><iframe src=\"https:\/\/www.youtube.com\/embed\/PFftw-nwNgk\" width=\"854\" height=\"480\" frameborder=\"0\" allowfullscreen=\"allowfullscreen\"><\/iframe><\/p><p style=\"text-align: center;\"><span style=\"color: #ffffff;\">.<\/span><\/p>\t\t\t\t\t\t\t\t<\/div>\n\t\t\t\t<\/div>\n\t\t\t\t\t<\/div>\n\t\t<\/div>\n\t\t\t\t\t<\/div>\n\t\t<\/section>\n\t\t\t\t<\/div>\n\t\t","protected":false},"excerpt":{"rendered":"<p>Este blog se prop\u00f5e a compartilhar as pesquisas e obra de Pedro Tornaghi, desenvolvidas por d\u00e9cadas com seus alunos, tornando em parte esse acervo dispon\u00edvel a pessoas que busquem uma vis\u00e3o profunda e significativa para suas vidas. Desde cedo Pedro viveu experi\u00eancias que o levaram a entender a medita\u00e7\u00e3o como<a class=\"read-more\" href=\"https:\/\/pedrotornaghi.com.br\/\">Continue Lendo<\/a><\/p>\n","protected":false},"author":11,"featured_media":19,"parent":0,"menu_order":0,"comment_status":"closed","ping_status":"closed","template":"","meta":{"footnotes":""},"class_list":["post-50","page","type-page","status-publish","has-post-thumbnail","hentry"],"_links":{"self":[{"href":"https:\/\/pedrotornaghi.com.br\/index.php?rest_route=\/wp\/v2\/pages\/50","targetHints":{"allow":["GET"]}}],"collection":[{"href":"https:\/\/pedrotornaghi.com.br\/index.php?rest_route=\/wp\/v2\/pages"}],"about":[{"href":"https:\/\/pedrotornaghi.com.br\/index.php?rest_route=\/wp\/v2\/types\/page"}],"author":[{"embeddable":true,"href":"https:\/\/pedrotornaghi.com.br\/index.php?rest_route=\/wp\/v2\/users\/11"}],"replies":[{"embeddable":true,"href":"https:\/\/pedrotornaghi.com.br\/index.php?rest_route=%2Fwp%2Fv2%2Fcomments&post=50"}],"version-history":[{"count":51,"href":"https:\/\/pedrotornaghi.com.br\/index.php?rest_route=\/wp\/v2\/pages\/50\/revisions"}],"predecessor-version":[{"id":6351,"href":"https:\/\/pedrotornaghi.com.br\/index.php?rest_route=\/wp\/v2\/pages\/50\/revisions\/6351"}],"wp:featuredmedia":[{"embeddable":true,"href":"https:\/\/pedrotornaghi.com.br\/index.php?rest_route=\/wp\/v2\/media\/19"}],"wp:attachment":[{"href":"https:\/\/pedrotornaghi.com.br\/index.php?rest_route=%2Fwp%2Fv2%2Fmedia&parent=50"}],"curies":[{"name":"wp","href":"https:\/\/api.w.org\/{rel}","templated":true}]}}