{"id":25,"date":"2011-06-30T23:58:49","date_gmt":"2011-07-01T02:58:49","guid":{"rendered":"https:\/\/pedrotornaghi.com.br\/?page_id=25"},"modified":"2025-09-26T13:08:37","modified_gmt":"2025-09-26T16:08:37","slug":"cds","status":"publish","type":"page","link":"https:\/\/pedrotornaghi.com.br\/?page_id=25","title":{"rendered":"CDS"},"content":{"rendered":"<p><a title=\"Compre j\u00e1!\" href=\"http:\/\/fatimahborges.com.br\/produto.php?code=8\" target=\"_blank\" rel=\"noopener\"><img decoding=\"async\" class=\"size-full wp-image-203\" title=\"cd_meditacao_da_rosa\" src=\"https:\/\/pedrotornaghi.com.br\/wp-content\/uploads\/2011\/06\/cd_meditacao_da_rosa.jpg\" alt=\"\" width=\"150\" height=\"150\" \/><\/a><\/p>\n<div>\n<p>Medita\u00e7\u00e3o da rosa<\/p><\/div>\n<div>Medita\u00e7\u00e3o da Rosa<\/div>\n<div id=\"_mcePaste\">Uma medita\u00e7\u00e3o inspirada que se vale da fragr\u00e2ncia de uma rosa para\u00a0<span style=\"font-size: 13px;\">sensibilizar e\u00a0<\/span><span style=\"font-size: 13px;\">acordar o chakra do cora\u00e7\u00e3o.<\/span><\/div>\n<div id=\"_mcePaste\"><span style=\"color: #ffffff; font-size: 13px;\">.<\/span><\/div>\n<figure id=\"attachment_205\" aria-describedby=\"caption-attachment-205\" style=\"width: 150px\" class=\"wp-caption alignleft\"><a href=\"http:\/\/fatimahborges.com.br\/produto.php?code=9\" target=\"_blank\" rel=\"noopener\"><img decoding=\"async\" class=\"size-full wp-image-205\" title=\"cd_meditacao_amazonica\" src=\"https:\/\/pedrotornaghi.com.br\/wp-content\/uploads\/2011\/06\/cd_meditacao_amazonica.jpg\" alt=\"\" width=\"150\" height=\"150\" \/><\/a><figcaption id=\"caption-attachment-205\" class=\"wp-caption-text\">Medita\u00e7\u00e3o Amaz\u00f4nica<\/figcaption><\/figure>\n<p>Medita\u00e7\u00e3o Amaz\u00f4nica<\/p>\n<p>Uma t\u00e9cnica vigorosa que limpa o cora\u00e7\u00e3o de antigas m\u00e1goas e tristezas deixando a pessoa leve e celebrativa.<\/p>\n<figure id=\"attachment_206\" aria-describedby=\"caption-attachment-206\" style=\"width: 150px\" class=\"wp-caption alignleft\"><a href=\"http:\/\/fatimahborges.com.br\/produto.php?code=10\" target=\"_blank\" rel=\"noopener\"><img decoding=\"async\" class=\"size-full wp-image-206 \" title=\"voz\" src=\"https:\/\/pedrotornaghi.com.br\/wp-content\/uploads\/2011\/06\/voz.jpg\" alt=\"\" width=\"150\" height=\"150\" \/><\/a><figcaption id=\"caption-attachment-206\" class=\"wp-caption-text\">Medita\u00e7\u00e3o Voz dos Chakras<\/figcaption><\/figure>\n<p>Medita\u00e7\u00e3o Voz dos Chakras<\/p>\n<p>Uma viagem atrav\u00e9s do canto nos sete chakras que aprofunda a percep\u00e7\u00e3o de si e do mundo<\/p>\n<figure id=\"attachment_207\" aria-describedby=\"caption-attachment-207\" style=\"width: 150px\" class=\"wp-caption alignleft\"><a href=\"http:\/\/fatimahborges.com.br\/produto.php?code=3\" target=\"_blank\" rel=\"noopener\"><img loading=\"lazy\" decoding=\"async\" class=\"size-full wp-image-207\" title=\"espelho\" src=\"https:\/\/pedrotornaghi.com.br\/wp-content\/uploads\/2011\/06\/espelho-e1309723251975.jpg\" alt=\"\" width=\"150\" height=\"150\" \/><\/a><figcaption id=\"caption-attachment-207\" class=\"wp-caption-text\">Medita\u00e7\u00e3o do Espelho M\u00edstico<\/figcaption><\/figure>\n<p>Medita\u00e7\u00e3o do Espelho M\u00edstico<\/p>\n<p>Atrav\u00e9s do contato com o pr\u00f3prio olhar no espelho a pessoa se torna mais intuitiva, calma e atenta.<\/p>\n","protected":false},"excerpt":{"rendered":"<p>Medita\u00e7\u00e3o da rosa Medita\u00e7\u00e3o da Rosa Uma medita\u00e7\u00e3o inspirada que se vale da fragr\u00e2ncia de uma rosa para\u00a0sensibilizar e\u00a0acordar o chakra do cora\u00e7\u00e3o. . Medita\u00e7\u00e3o Amaz\u00f4nica Uma t\u00e9cnica vigorosa que limpa o cora\u00e7\u00e3o de antigas m\u00e1goas e tristezas deixando a pessoa leve e celebrativa. Medita\u00e7\u00e3o Voz dos Chakras Uma viagem<a class=\"read-more\" href=\"https:\/\/pedrotornaghi.com.br\/?page_id=25\">Continue Lendo<\/a><\/p>\n","protected":false},"author":11,"featured_media":0,"parent":0,"menu_order":6,"comment_status":"closed","ping_status":"closed","template":"","meta":{"footnotes":""},"class_list":["post-25","page","type-page","status-publish","hentry"],"_links":{"self":[{"href":"https:\/\/pedrotornaghi.com.br\/index.php?rest_route=\/wp\/v2\/pages\/25","targetHints":{"allow":["GET"]}}],"collection":[{"href":"https:\/\/pedrotornaghi.com.br\/index.php?rest_route=\/wp\/v2\/pages"}],"about":[{"href":"https:\/\/pedrotornaghi.com.br\/index.php?rest_route=\/wp\/v2\/types\/page"}],"author":[{"embeddable":true,"href":"https:\/\/pedrotornaghi.com.br\/index.php?rest_route=\/wp\/v2\/users\/11"}],"replies":[{"embeddable":true,"href":"https:\/\/pedrotornaghi.com.br\/index.php?rest_route=%2Fwp%2Fv2%2Fcomments&post=25"}],"version-history":[{"count":21,"href":"https:\/\/pedrotornaghi.com.br\/index.php?rest_route=\/wp\/v2\/pages\/25\/revisions"}],"predecessor-version":[{"id":6353,"href":"https:\/\/pedrotornaghi.com.br\/index.php?rest_route=\/wp\/v2\/pages\/25\/revisions\/6353"}],"wp:attachment":[{"href":"https:\/\/pedrotornaghi.com.br\/index.php?rest_route=%2Fwp%2Fv2%2Fmedia&parent=25"}],"curies":[{"name":"wp","href":"https:\/\/api.w.org\/{rel}","templated":true}]}}